{"id":520,"date":"2025-12-31T07:48:48","date_gmt":"2025-12-31T07:48:48","guid":{"rendered":"https:\/\/aryasroots.com\/index.php\/cart-2\/"},"modified":"2025-12-31T08:23:28","modified_gmt":"2025-12-31T08:23:28","slug":"cart-2","status":"publish","type":"page","link":"https:\/\/aryasroots.com\/index.php\/cart-2\/","title":{"rendered":"Cart"},"content":{"rendered":"\n<div data-block-name=\"woocommerce\/cart\" class=\"wp-block-woocommerce-cart alignwide is-loading\">\n<div data-block-name=\"woocommerce\/filled-cart-block\" class=\"wp-block-woocommerce-filled-cart-block\">\n<div data-block-name=\"woocommerce\/cart-items-block\" class=\"wp-block-woocommerce-cart-items-block\">\n<div data-block-name=\"woocommerce\/cart-line-items-block\" class=\"wp-block-woocommerce-cart-line-items-block\"><\/div>\n\n\n<\/div>\n\n\n\n\n<div data-block-name=\"woocommerce\/cart-totals-block\" class=\"wp-block-woocommerce-cart-totals-block\">\n<div data-block-name=\"woocommerce\/cart-order-summary-block\" class=\"wp-block-woocommerce-cart-order-summary-block\">\n<div data-block-name=\"woocommerce\/cart-order-summary-heading-block\" class=\"wp-block-woocommerce-cart-order-summary-heading-block\"><\/div><div data-block-name=\"woocommerce\/cart-order-summary-coupon-form-block\" class=\"wp-block-woocommerce-cart-order-summary-coupon-form-block\"><\/div><div data-block-name=\"woocommerce\/cart-order-summary-totals-block\" class=\"wp-block-woocommerce-cart-order-summary-totals-block\">\n<div data-block-name=\"woocommerce\/cart-order-summary-subtotal-block\" class=\"wp-block-woocommerce-cart-order-summary-subtotal-block\"><\/div>\n<div data-block-name=\"woocommerce\/cart-order-summary-discount-block\" class=\"wp-block-woocommerce-cart-order-summary-discount-block\"><\/div>\n<div data-block-name=\"woocommerce\/cart-order-summary-fee-block\" class=\"wp-block-woocommerce-cart-order-summary-fee-block\"><\/div>\n<div data-block-name=\"woocommerce\/cart-order-summary-shipping-block\" class=\"wp-block-woocommerce-cart-order-summary-shipping-block\"><\/div>\n<div data-block-name=\"woocommerce\/cart-order-summary-taxes-block\" class=\"wp-block-woocommerce-cart-order-summary-taxes-block\"><\/div><\/div>\n<\/div>\n\n\n\n<div data-block-name=\"woocommerce-paypal-payments\/cart-paylater-messages\" data-pp-placement=\"cart\" data-pp-style-layout=\"text\" data-pp-style-logo-position=\"\" data-pp-style-logo-type=\"\" data-pp-style-text-color=\"\" data-pp-style-text-size=\"\" id=\"ppcp-cart-paylater-messages\" class=\"ppcp-messages\" data-partner-attribution-id=\"Woo_PPCP\"><\/div><div data-block-name=\"woocommerce\/cart-express-payment-block\" class=\"wp-block-woocommerce-cart-express-payment-block\"><\/div>\n\n\n\n<div data-block-name=\"woocommerce\/proceed-to-checkout-block\" class=\"wp-block-woocommerce-proceed-to-checkout-block\"><\/div>\n<div id=\"ppcp-recaptcha-v2-container\" style=\"margin:20px 0;\"><\/div>\n\n\n<div data-block-name=\"woocommerce\/cart-accepted-payment-methods-block\" class=\"wp-block-woocommerce-cart-accepted-payment-methods-block\"><\/div>\n<\/div>\n<\/div>\n\n\n\n<div data-block-name=\"woocommerce\/empty-cart-block\" class=\"wp-block-woocommerce-empty-cart-block\">\n<h2 class=\"wp-block-heading has-text-align-center with-empty-cart-icon wc-block-cart__empty-cart__title\">Your cart is currently empty!<\/h2>\n\n\n\n<hr class=\"wp-block-separator has-alpha-channel-opacity is-style-dots\"\/>\n\n\n\n<h2 class=\"wp-block-heading has-text-align-center\">New in store<\/h2>\n\n\n<div data-block-name=\"woocommerce\/product-new\" data-columns=\"4\" data-rows=\"1\" class=\"wc-block-grid wp-block-product-new wp-block-woocommerce-product-new wc-block-product-new has-4-columns\"><ul class=\"wc-block-grid__products\"><li class=\"wc-block-grid__product\">\n\t\t\t\t<a href=\"https:\/\/aryasroots.com\/index.php\/product\/dulce-armonia-vela-aromatica-natural-de-vainilla-y-lavanda\/\" class=\"wc-block-grid__product-link\">\n\t\t\t\t\t\n\t\t\t\t\t<div class=\"wc-block-grid__product-image\"><img loading=\"lazy\" decoding=\"async\" width=\"300\" height=\"300\" src=\"https:\/\/aryasroots.com\/wp-content\/uploads\/2025\/12\/sweet-harmony-300x300.jpg\" class=\"attachment-woocommerce_thumbnail size-woocommerce_thumbnail\" alt=\"Vela arom\u00e1tica Dulce Armon\u00eda de vainilla y lavanda en tarro \u00e1mbar.\" srcset=\"https:\/\/aryasroots.com\/wp-content\/uploads\/2025\/12\/sweet-harmony-300x300.jpg 300w, https:\/\/aryasroots.com\/wp-content\/uploads\/2025\/12\/sweet-harmony-80x80.jpg 80w, https:\/\/aryasroots.com\/wp-content\/uploads\/2025\/12\/sweet-harmony-768x768.jpg 768w, https:\/\/aryasroots.com\/wp-content\/uploads\/2025\/12\/sweet-harmony-36x36.jpg 36w, https:\/\/aryasroots.com\/wp-content\/uploads\/2025\/12\/sweet-harmony-180x180.jpg 180w, https:\/\/aryasroots.com\/wp-content\/uploads\/2025\/12\/sweet-harmony-705x705.jpg 705w, https:\/\/aryasroots.com\/wp-content\/uploads\/2025\/12\/sweet-harmony-120x120.jpg 120w, https:\/\/aryasroots.com\/wp-content\/uploads\/2025\/12\/sweet-harmony-450x450.jpg 450w, https:\/\/aryasroots.com\/wp-content\/uploads\/2025\/12\/sweet-harmony-600x600.jpg 600w, https:\/\/aryasroots.com\/wp-content\/uploads\/2025\/12\/sweet-harmony-100x100.jpg 100w, https:\/\/aryasroots.com\/wp-content\/uploads\/2025\/12\/sweet-harmony.jpg 1024w\" sizes=\"auto, (max-width: 300px) 100vw, 300px\" \/><\/div>\n\t\t\t\t\t<div class=\"wc-block-grid__product-title\">Dulce Armon\u00eda &#8211; Vela arom\u00e1tica natural de vainilla y lavanda<\/div>\n\t\t\t\t<\/a>\n\t\t\t\t<div class=\"wc-block-grid__product-price price\"><span class=\"woocommerce-Price-amount amount\">18,90&nbsp;<span class=\"woocommerce-Price-currencySymbol\">&euro;<\/span><\/span><\/div>\n\t\t\t\t\n\t\t\t\t<div class=\"wp-block-button wc-block-grid__product-add-to-cart\"><a href=\"\/index.php\/wp-json\/wp\/v2\/pages\/520?add-to-cart=576\" aria-label=\"Add to cart: &ldquo;Dulce Armon\u00eda - Vela arom\u00e1tica natural de vainilla y lavanda&rdquo;\" data-quantity=\"1\" data-product_id=\"576\" data-product_sku=\"\" data-price=\"18.9\" rel=\"nofollow\" class=\"wp-block-button__link  add_to_cart_button ajax_add_to_cart\">Add to cart<\/a><\/div>\n\t\t\t<\/li><li class=\"wc-block-grid__product\">\n\t\t\t\t<a href=\"https:\/\/aryasroots.com\/index.php\/product\/explosion-citrica-%c2%b7-vela-aromatica-natural-de-limon-y-bergamota\/\" class=\"wc-block-grid__product-link\">\n\t\t\t\t\t\n\t\t\t\t\t<div class=\"wc-block-grid__product-image\"><img loading=\"lazy\" decoding=\"async\" width=\"300\" height=\"300\" src=\"https:\/\/aryasroots.com\/wp-content\/uploads\/2025\/12\/citrus-burst-300x300.jpg\" class=\"attachment-woocommerce_thumbnail size-woocommerce_thumbnail\" alt=\"Vela arom\u00e1tica Explosi\u00f3n C\u00edtrica de lim\u00f3n y bergamota en tarro \u00e1mbar.\" srcset=\"https:\/\/aryasroots.com\/wp-content\/uploads\/2025\/12\/citrus-burst-300x300.jpg 300w, https:\/\/aryasroots.com\/wp-content\/uploads\/2025\/12\/citrus-burst-80x80.jpg 80w, https:\/\/aryasroots.com\/wp-content\/uploads\/2025\/12\/citrus-burst-768x768.jpg 768w, https:\/\/aryasroots.com\/wp-content\/uploads\/2025\/12\/citrus-burst-36x36.jpg 36w, https:\/\/aryasroots.com\/wp-content\/uploads\/2025\/12\/citrus-burst-180x180.jpg 180w, https:\/\/aryasroots.com\/wp-content\/uploads\/2025\/12\/citrus-burst-705x705.jpg 705w, https:\/\/aryasroots.com\/wp-content\/uploads\/2025\/12\/citrus-burst-120x120.jpg 120w, https:\/\/aryasroots.com\/wp-content\/uploads\/2025\/12\/citrus-burst-450x450.jpg 450w, https:\/\/aryasroots.com\/wp-content\/uploads\/2025\/12\/citrus-burst-600x600.jpg 600w, https:\/\/aryasroots.com\/wp-content\/uploads\/2025\/12\/citrus-burst-100x100.jpg 100w, https:\/\/aryasroots.com\/wp-content\/uploads\/2025\/12\/citrus-burst.jpg 1024w\" sizes=\"auto, (max-width: 300px) 100vw, 300px\" \/><\/div>\n\t\t\t\t\t<div class=\"wc-block-grid__product-title\">Explosi\u00f3n C\u00edtrica \u00b7 Vela arom\u00e1tica natural de lim\u00f3n y bergamota<\/div>\n\t\t\t\t<\/a>\n\t\t\t\t<div class=\"wc-block-grid__product-price price\"><span class=\"woocommerce-Price-amount amount\">18,90&nbsp;<span class=\"woocommerce-Price-currencySymbol\">&euro;<\/span><\/span><\/div>\n\t\t\t\t\n\t\t\t\t<div class=\"wp-block-button wc-block-grid__product-add-to-cart\"><a href=\"\/index.php\/wp-json\/wp\/v2\/pages\/520?add-to-cart=574\" aria-label=\"Add to cart: &ldquo;Explosi\u00f3n C\u00edtrica \u00b7 Vela arom\u00e1tica natural de lim\u00f3n y bergamota&rdquo;\" data-quantity=\"1\" data-product_id=\"574\" data-product_sku=\"\" data-price=\"18.9\" rel=\"nofollow\" class=\"wp-block-button__link  add_to_cart_button ajax_add_to_cart\">Add to cart<\/a><\/div>\n\t\t\t<\/li><li class=\"wc-block-grid__product\">\n\t\t\t\t<a href=\"https:\/\/aryasroots.com\/index.php\/product\/571\/\" class=\"wc-block-grid__product-link\">\n\t\t\t\t\t<div class=\"wc-block-grid__product-onsale\">\n\t\t\t<span aria-hidden=\"true\">Sale<\/span>\n\t\t\t<span class=\"screen-reader-text\">Product on sale<\/span>\n\t\t<\/div>\n\t\t\t\t\t<div class=\"wc-block-grid__product-image\"><img loading=\"lazy\" decoding=\"async\" width=\"300\" height=\"300\" src=\"https:\/\/aryasroots.com\/wp-content\/uploads\/2025\/12\/calm-forest-300x300.jpg\" class=\"attachment-woocommerce_thumbnail size-woocommerce_thumbnail\" alt=\"Vela arom\u00e1tica Bosque en Calma de pino y eucalipto en tarro \u00e1mbar.\" srcset=\"https:\/\/aryasroots.com\/wp-content\/uploads\/2025\/12\/calm-forest-300x300.jpg 300w, https:\/\/aryasroots.com\/wp-content\/uploads\/2025\/12\/calm-forest-80x80.jpg 80w, https:\/\/aryasroots.com\/wp-content\/uploads\/2025\/12\/calm-forest-768x768.jpg 768w, https:\/\/aryasroots.com\/wp-content\/uploads\/2025\/12\/calm-forest-36x36.jpg 36w, https:\/\/aryasroots.com\/wp-content\/uploads\/2025\/12\/calm-forest-180x180.jpg 180w, https:\/\/aryasroots.com\/wp-content\/uploads\/2025\/12\/calm-forest-705x705.jpg 705w, https:\/\/aryasroots.com\/wp-content\/uploads\/2025\/12\/calm-forest-120x120.jpg 120w, https:\/\/aryasroots.com\/wp-content\/uploads\/2025\/12\/calm-forest-450x450.jpg 450w, https:\/\/aryasroots.com\/wp-content\/uploads\/2025\/12\/calm-forest-600x600.jpg 600w, https:\/\/aryasroots.com\/wp-content\/uploads\/2025\/12\/calm-forest-100x100.jpg 100w, https:\/\/aryasroots.com\/wp-content\/uploads\/2025\/12\/calm-forest.jpg 1024w\" sizes=\"auto, (max-width: 300px) 100vw, 300px\" \/><\/div>\n\t\t\t\t\t<div class=\"wc-block-grid__product-title\">Bosque en Calma \u00b7 Vela arom\u00e1tica natural de pino y eucalipto<\/div>\n\t\t\t\t<\/a>\n\t\t\t\t<div class=\"wc-block-grid__product-price price\"><del aria-hidden=\"true\"><span class=\"woocommerce-Price-amount amount\">24,90&nbsp;<span class=\"woocommerce-Price-currencySymbol\">&euro;<\/span><\/span><\/del> <span class=\"screen-reader-text\">Original price was: 24,90&nbsp;&euro;.<\/span><ins aria-hidden=\"true\"><span class=\"woocommerce-Price-amount amount\">18,90&nbsp;<span class=\"woocommerce-Price-currencySymbol\">&euro;<\/span><\/span><\/ins><span class=\"screen-reader-text\">Current price is: 18,90&nbsp;&euro;.<\/span><\/div>\n\t\t\t\t\n\t\t\t\t<div class=\"wp-block-button wc-block-grid__product-add-to-cart\"><a href=\"\/index.php\/wp-json\/wp\/v2\/pages\/520?add-to-cart=571\" aria-label=\"Add to cart: &ldquo;Bosque en Calma \u00b7 Vela arom\u00e1tica natural de pino y eucalipto&rdquo;\" data-quantity=\"1\" data-product_id=\"571\" data-product_sku=\"\" data-price=\"18.9\" rel=\"nofollow\" class=\"wp-block-button__link  add_to_cart_button ajax_add_to_cart\">Add to cart<\/a><\/div>\n\t\t\t<\/li><\/ul><\/div><\/div>\n<\/div>\n","protected":false},"excerpt":{"rendered":"","protected":false},"author":1,"featured_media":0,"parent":0,"menu_order":0,"comment_status":"closed","ping_status":"closed","template":"","meta":{"footnotes":""},"class_list":["post-520","page","type-page","status-publish","hentry"],"yoast_head":"<!-- This site is optimized with the Yoast SEO plugin v26.7 - https:\/\/yoast.com\/wordpress\/plugins\/seo\/ -->\n<title>Cart - Arya&#039;s Roots<\/title>\n<meta name=\"robots\" content=\"index, follow, max-snippet:-1, max-image-preview:large, max-video-preview:-1\" \/>\n<link rel=\"canonical\" href=\"https:\/\/aryasroots.com\/index.php\/cart-2\/\" \/>\n<meta property=\"og:locale\" content=\"en_US\" \/>\n<meta property=\"og:type\" content=\"article\" \/>\n<meta property=\"og:title\" content=\"Cart - Arya&#039;s Roots\" \/>\n<meta property=\"og:url\" content=\"https:\/\/aryasroots.com\/index.php\/cart-2\/\" \/>\n<meta property=\"og:site_name\" content=\"Arya&#039;s Roots\" \/>\n<meta property=\"article:modified_time\" content=\"2025-12-31T08:23:28+00:00\" \/>\n<meta name=\"twitter:card\" content=\"summary_large_image\" \/>\n<script type=\"application\/ld+json\" class=\"yoast-schema-graph\">{\"@context\":\"https:\/\/schema.org\",\"@graph\":[{\"@type\":\"WebPage\",\"@id\":\"https:\/\/aryasroots.com\/index.php\/cart-2\/\",\"url\":\"https:\/\/aryasroots.com\/index.php\/cart-2\/\",\"name\":\"Cart - Arya&#039;s Roots\",\"isPartOf\":{\"@id\":\"https:\/\/aryasroots.com\/#website\"},\"datePublished\":\"2025-12-31T07:48:48+00:00\",\"dateModified\":\"2025-12-31T08:23:28+00:00\",\"breadcrumb\":{\"@id\":\"https:\/\/aryasroots.com\/index.php\/cart-2\/#breadcrumb\"},\"inLanguage\":\"en-US\",\"potentialAction\":[{\"@type\":\"ReadAction\",\"target\":[\"https:\/\/aryasroots.com\/index.php\/cart-2\/\"]}]},{\"@type\":\"BreadcrumbList\",\"@id\":\"https:\/\/aryasroots.com\/index.php\/cart-2\/#breadcrumb\",\"itemListElement\":[{\"@type\":\"ListItem\",\"position\":1,\"name\":\"Home\",\"item\":\"https:\/\/aryasroots.com\/\"},{\"@type\":\"ListItem\",\"position\":2,\"name\":\"Cart\"}]},{\"@type\":\"WebSite\",\"@id\":\"https:\/\/aryasroots.com\/#website\",\"url\":\"https:\/\/aryasroots.com\/\",\"name\":\"Arya's Roots\",\"description\":\"Velas artesanales y ecol\u00f3gicas\",\"publisher\":{\"@id\":\"https:\/\/aryasroots.com\/#organization\"},\"potentialAction\":[{\"@type\":\"SearchAction\",\"target\":{\"@type\":\"EntryPoint\",\"urlTemplate\":\"https:\/\/aryasroots.com\/?s={search_term_string}\"},\"query-input\":{\"@type\":\"PropertyValueSpecification\",\"valueRequired\":true,\"valueName\":\"search_term_string\"}}],\"inLanguage\":\"en-US\"},{\"@type\":\"Organization\",\"@id\":\"https:\/\/aryasroots.com\/#organization\",\"name\":\"Arya's Roots\",\"url\":\"https:\/\/aryasroots.com\/\",\"logo\":{\"@type\":\"ImageObject\",\"inLanguage\":\"en-US\",\"@id\":\"https:\/\/aryasroots.com\/#\/schema\/logo\/image\/\",\"url\":\"https:\/\/aryasroots.com\/wp-content\/uploads\/2025\/10\/Sense-titol-340-x-350-px-1.png\",\"contentUrl\":\"https:\/\/aryasroots.com\/wp-content\/uploads\/2025\/10\/Sense-titol-340-x-350-px-1.png\",\"width\":340,\"height\":350,\"caption\":\"Arya's Roots\"},\"image\":{\"@id\":\"https:\/\/aryasroots.com\/#\/schema\/logo\/image\/\"}}]}<\/script>\n<!-- \/ Yoast SEO plugin. -->","yoast_head_json":{"title":"Cart - Arya&#039;s Roots","robots":{"index":"index","follow":"follow","max-snippet":"max-snippet:-1","max-image-preview":"max-image-preview:large","max-video-preview":"max-video-preview:-1"},"canonical":"https:\/\/aryasroots.com\/index.php\/cart-2\/","og_locale":"en_US","og_type":"article","og_title":"Cart - Arya&#039;s Roots","og_url":"https:\/\/aryasroots.com\/index.php\/cart-2\/","og_site_name":"Arya&#039;s Roots","article_modified_time":"2025-12-31T08:23:28+00:00","twitter_card":"summary_large_image","schema":{"@context":"https:\/\/schema.org","@graph":[{"@type":"WebPage","@id":"https:\/\/aryasroots.com\/index.php\/cart-2\/","url":"https:\/\/aryasroots.com\/index.php\/cart-2\/","name":"Cart - Arya&#039;s Roots","isPartOf":{"@id":"https:\/\/aryasroots.com\/#website"},"datePublished":"2025-12-31T07:48:48+00:00","dateModified":"2025-12-31T08:23:28+00:00","breadcrumb":{"@id":"https:\/\/aryasroots.com\/index.php\/cart-2\/#breadcrumb"},"inLanguage":"en-US","potentialAction":[{"@type":"ReadAction","target":["https:\/\/aryasroots.com\/index.php\/cart-2\/"]}]},{"@type":"BreadcrumbList","@id":"https:\/\/aryasroots.com\/index.php\/cart-2\/#breadcrumb","itemListElement":[{"@type":"ListItem","position":1,"name":"Home","item":"https:\/\/aryasroots.com\/"},{"@type":"ListItem","position":2,"name":"Cart"}]},{"@type":"WebSite","@id":"https:\/\/aryasroots.com\/#website","url":"https:\/\/aryasroots.com\/","name":"Arya's Roots","description":"Velas artesanales y ecol\u00f3gicas","publisher":{"@id":"https:\/\/aryasroots.com\/#organization"},"potentialAction":[{"@type":"SearchAction","target":{"@type":"EntryPoint","urlTemplate":"https:\/\/aryasroots.com\/?s={search_term_string}"},"query-input":{"@type":"PropertyValueSpecification","valueRequired":true,"valueName":"search_term_string"}}],"inLanguage":"en-US"},{"@type":"Organization","@id":"https:\/\/aryasroots.com\/#organization","name":"Arya's Roots","url":"https:\/\/aryasroots.com\/","logo":{"@type":"ImageObject","inLanguage":"en-US","@id":"https:\/\/aryasroots.com\/#\/schema\/logo\/image\/","url":"https:\/\/aryasroots.com\/wp-content\/uploads\/2025\/10\/Sense-titol-340-x-350-px-1.png","contentUrl":"https:\/\/aryasroots.com\/wp-content\/uploads\/2025\/10\/Sense-titol-340-x-350-px-1.png","width":340,"height":350,"caption":"Arya's Roots"},"image":{"@id":"https:\/\/aryasroots.com\/#\/schema\/logo\/image\/"}}]}},"_links":{"self":[{"href":"https:\/\/aryasroots.com\/index.php\/wp-json\/wp\/v2\/pages\/520","targetHints":{"allow":["GET"]}}],"collection":[{"href":"https:\/\/aryasroots.com\/index.php\/wp-json\/wp\/v2\/pages"}],"about":[{"href":"https:\/\/aryasroots.com\/index.php\/wp-json\/wp\/v2\/types\/page"}],"author":[{"embeddable":true,"href":"https:\/\/aryasroots.com\/index.php\/wp-json\/wp\/v2\/users\/1"}],"replies":[{"embeddable":true,"href":"https:\/\/aryasroots.com\/index.php\/wp-json\/wp\/v2\/comments?post=520"}],"version-history":[{"count":1,"href":"https:\/\/aryasroots.com\/index.php\/wp-json\/wp\/v2\/pages\/520\/revisions"}],"predecessor-version":[{"id":573,"href":"https:\/\/aryasroots.com\/index.php\/wp-json\/wp\/v2\/pages\/520\/revisions\/573"}],"wp:attachment":[{"href":"https:\/\/aryasroots.com\/index.php\/wp-json\/wp\/v2\/media?parent=520"}],"curies":[{"name":"wp","href":"https:\/\/api.w.org\/{rel}","templated":true}]}}